{"id":4859,"date":"2014-05-20T12:20:21","date_gmt":"2014-05-20T10:20:21","guid":{"rendered":"http:\/\/wp13.ewerkstatt.com\/?page_id=4859"},"modified":"2023-08-01T10:57:45","modified_gmt":"2023-08-01T08:57:45","slug":"puente-ahk11","status":"publish","type":"page","link":"https:\/\/www.zt-ron.at\/es\/projekte\/puente-ahk11\/","title":{"rendered":"Proyecto puente de v\u00eda ferroviaria AHK11"},"content":{"rendered":"<p class=\"bodytext\">Se trata de un puente ferroviario de la clase +2\/SW en el marco del proyecto Koralm.<\/p>\n<p class=\"bodytext\">La estructura de soporte fue proyectada como estructura de soporte de acero y hormig\u00f3n. El sistema est\u00e1tico es una estructura portante continua con 20 +35m +20m. El puente se construy\u00f3 mientras la v\u00eda estaba en uso, primero la parte norte del estribo y pilar, incluida la estructura de soporte de acero y hormig\u00f3n, despu\u00e9s el funcionamiento del ferrocarril se traslad\u00f3 a la nueva v\u00eda, y a continuaci\u00f3n se construy\u00f3 la parte sur de toda la construcci\u00f3n portante.<\/p>\n<p class=\"bodytext\">Se pueden destacar especialmente los dif\u00edciles comportamientos mec\u00e1nicos del suelo, fue necesaria una cimentaci\u00f3n flotante (compactaci\u00f3n din\u00e1mica vibratoria de una gran superficie).<\/p>\n<p class=\"bodytext\">Comitente: L\u00ednea f\u00e9rrea-HL AG.<\/p>\n<div id='gallery-1' class='gallery galleryid-4859 gallery-columns-3 gallery-size-thumbnail'><figure class='gallery-item'>\n\t\t\t<div class='gallery-icon landscape'>\n\t\t\t\t<a href='https:\/\/www.zt-ron.at\/wp-content\/uploads\/2014\/05\/AHK11-Verformungslager_als_bewehrtes_Elastomerlager_bei_ST12.jpg'><img loading=\"lazy\" decoding=\"async\" width=\"150\" height=\"150\" src=\"https:\/\/www.zt-ron.at\/wp-content\/uploads\/2014\/05\/AHK11-Verformungslager_als_bewehrtes_Elastomerlager_bei_ST12-150x150.jpg\" class=\"attachment-thumbnail size-thumbnail\" alt=\"\" aria-describedby=\"gallery-1-5398\" \/><\/a>\n\t\t\t<\/div>\n\t\t\t\t<figcaption class='wp-caption-text gallery-caption' id='gallery-1-5398'>\n\t\t\t\tAsientos de deformaci\u00f3n como cojinete elast\u00f3mero armado en ST1\n\t\t\t\t<\/figcaption><\/figure><figure class='gallery-item'>\n\t\t\t<div class='gallery-icon landscape'>\n\t\t\t\t<a href='https:\/\/www.zt-ron.at\/wp-content\/uploads\/2014\/05\/AHK11_-_Elastomerlager_mit_Querfestlager_bei_ST12.jpg'><img loading=\"lazy\" decoding=\"async\" width=\"150\" height=\"150\" src=\"https:\/\/www.zt-ron.at\/wp-content\/uploads\/2014\/05\/AHK11_-_Elastomerlager_mit_Querfestlager_bei_ST12-150x150.jpg\" class=\"attachment-thumbnail size-thumbnail\" alt=\"\" aria-describedby=\"gallery-1-5392\" \/><\/a>\n\t\t\t<\/div>\n\t\t\t\t<figcaption class='wp-caption-text gallery-caption' id='gallery-1-5392'>\n\t\t\t\tCojinete elast\u00f3mero con rodamiento fijo transversal en ST2\n\t\t\t\t<\/figcaption><\/figure><figure class='gallery-item'>\n\t\t\t<div class='gallery-icon landscape'>\n\t\t\t\t<a href='https:\/\/www.zt-ron.at\/wp-content\/uploads\/2014\/05\/AHK11_-_Linienkipplager_als_Festlager_bei_WL12.jpg'><img loading=\"lazy\" decoding=\"async\" width=\"150\" height=\"150\" src=\"https:\/\/www.zt-ron.at\/wp-content\/uploads\/2014\/05\/AHK11_-_Linienkipplager_als_Festlager_bei_WL12-150x150.jpg\" class=\"attachment-thumbnail size-thumbnail\" alt=\"\" aria-describedby=\"gallery-1-5394\" \/><\/a>\n\t\t\t<\/div>\n\t\t\t\t<figcaption class='wp-caption-text gallery-caption' id='gallery-1-5394'>\n\t\t\t\tApoyo oscilante en l\u00ednea como rodamiento fijo en WL1\n\t\t\t\t<\/figcaption><\/figure><figure class='gallery-item'>\n\t\t\t<div class='gallery-icon portrait'>\n\t\t\t\t<a href='https:\/\/www.zt-ron.at\/wp-content\/uploads\/2014\/05\/4966bae49b2.jpg'><img loading=\"lazy\" decoding=\"async\" width=\"150\" height=\"150\" src=\"https:\/\/www.zt-ron.at\/wp-content\/uploads\/2014\/05\/4966bae49b2-150x150.jpg\" class=\"attachment-thumbnail size-thumbnail\" alt=\"\" aria-describedby=\"gallery-1-5390\" \/><\/a>\n\t\t\t<\/div>\n\t\t\t\t<figcaption class='wp-caption-text gallery-caption' id='gallery-1-5390'>\n\t\t\t\tApoyo de rodillos en WL3 con cubierta de tracci\u00f3n\n\t\t\t\t<\/figcaption><\/figure><figure class='gallery-item'>\n\t\t\t<div class='gallery-icon landscape'>\n\t\t\t\t<a href='https:\/\/www.zt-ron.at\/wp-content\/uploads\/2014\/05\/AHK11_-_Seitenansicht_von_Norden_-_schwimmende_Fundierungen2.jpg'><img loading=\"lazy\" decoding=\"async\" width=\"150\" height=\"150\" src=\"https:\/\/www.zt-ron.at\/wp-content\/uploads\/2014\/05\/AHK11_-_Seitenansicht_von_Norden_-_schwimmende_Fundierungen2-150x150.jpg\" class=\"attachment-thumbnail size-thumbnail\" alt=\"\" aria-describedby=\"gallery-1-5396\" \/><\/a>\n\t\t\t<\/div>\n\t\t\t\t<figcaption class='wp-caption-text gallery-caption' id='gallery-1-5396'>\n\t\t\t\tVista lateral del norte fundamentos flotantes\n\t\t\t\t<\/figcaption><\/figure>\n\t\t<\/div>\n\n<p>&nbsp;<\/p>\n","protected":false},"excerpt":{"rendered":"<p>Se trata de un puente ferroviario de la clase +2\/SW en el marco del proyecto Koralm. La estructura de soporte fue proyectada como estructura de soporte de acero y hormig\u00f3n. El sistema est\u00e1tico es una estructura portante continua con 20 +35m +20m. El puente se construy\u00f3 mientras la v\u00eda estaba en uso, primero la parte [&hellip;]<\/p>\n","protected":false},"author":1,"featured_media":6031,"parent":4771,"menu_order":0,"comment_status":"closed","ping_status":"open","template":"","meta":{"iawp_total_views":5,"footnotes":""},"class_list":["post-4859","page","type-page","status-publish","has-post-thumbnail","hentry"],"blocksy_meta":[],"yoast_head":"<!-- This site is optimized with the Yoast SEO plugin v27.4 - https:\/\/yoast.com\/product\/yoast-seo-wordpress\/ -->\n<title>Proyecto puente de v\u00eda ferroviaria AHK11 &#8212; RONACHER ZT GmbH<\/title>\n<meta name=\"robots\" content=\"index, follow, max-snippet:-1, max-image-preview:large, max-video-preview:-1\" \/>\n<link rel=\"canonical\" href=\"https:\/\/www.zt-ron.at\/es\/projekte\/puente-ahk11\/\" \/>\n<meta property=\"og:locale\" content=\"es_ES\" \/>\n<meta property=\"og:type\" content=\"article\" \/>\n<meta property=\"og:title\" content=\"Proyecto puente de v\u00eda ferroviaria AHK11 &#8212; RONACHER ZT GmbH\" \/>\n<meta property=\"og:description\" content=\"Se trata de un puente ferroviario de la clase +2\/SW en el marco del proyecto Koralm. La estructura de soporte fue proyectada como estructura de soporte de acero y hormig\u00f3n. El sistema est\u00e1tico es una estructura portante continua con 20 +35m +20m. El puente se construy\u00f3 mientras la v\u00eda estaba en uso, primero la parte [&hellip;]\" \/>\n<meta property=\"og:url\" content=\"https:\/\/www.zt-ron.at\/es\/projekte\/puente-ahk11\/\" \/>\n<meta property=\"og:site_name\" content=\"RONACHER ZT GmbH\" \/>\n<meta property=\"article:modified_time\" content=\"2023-08-01T08:57:45+00:00\" \/>\n<meta property=\"og:image\" content=\"https:\/\/www.zt-ron.at\/wp-content\/uploads\/2023\/07\/semi-scaled.jpg\" \/>\n\t<meta property=\"og:image:width\" content=\"2560\" \/>\n\t<meta property=\"og:image:height\" content=\"1707\" \/>\n\t<meta property=\"og:image:type\" content=\"image\/jpeg\" \/>\n<script type=\"application\/ld+json\" class=\"yoast-schema-graph\">{\"@context\":\"https:\\\/\\\/schema.org\",\"@graph\":[{\"@type\":\"WebPage\",\"@id\":\"https:\\\/\\\/www.zt-ron.at\\\/es\\\/projekte\\\/puente-ahk11\\\/\",\"url\":\"https:\\\/\\\/www.zt-ron.at\\\/es\\\/projekte\\\/puente-ahk11\\\/\",\"name\":\"Proyecto puente de v\u00eda ferroviaria AHK11 &#8212; RONACHER ZT GmbH\",\"isPartOf\":{\"@id\":\"https:\\\/\\\/www.zt-ron.at\\\/#website\"},\"primaryImageOfPage\":{\"@id\":\"https:\\\/\\\/www.zt-ron.at\\\/es\\\/projekte\\\/puente-ahk11\\\/#primaryimage\"},\"image\":{\"@id\":\"https:\\\/\\\/www.zt-ron.at\\\/es\\\/projekte\\\/puente-ahk11\\\/#primaryimage\"},\"thumbnailUrl\":\"https:\\\/\\\/www.zt-ron.at\\\/wp-content\\\/uploads\\\/2023\\\/07\\\/semi-scaled.jpg\",\"datePublished\":\"2014-05-20T10:20:21+00:00\",\"dateModified\":\"2023-08-01T08:57:45+00:00\",\"breadcrumb\":{\"@id\":\"https:\\\/\\\/www.zt-ron.at\\\/es\\\/projekte\\\/puente-ahk11\\\/#breadcrumb\"},\"inLanguage\":\"es\",\"potentialAction\":[{\"@type\":\"ReadAction\",\"target\":[\"https:\\\/\\\/www.zt-ron.at\\\/es\\\/projekte\\\/puente-ahk11\\\/\"]}]},{\"@type\":\"ImageObject\",\"inLanguage\":\"es\",\"@id\":\"https:\\\/\\\/www.zt-ron.at\\\/es\\\/projekte\\\/puente-ahk11\\\/#primaryimage\",\"url\":\"https:\\\/\\\/www.zt-ron.at\\\/wp-content\\\/uploads\\\/2023\\\/07\\\/semi-scaled.jpg\",\"contentUrl\":\"https:\\\/\\\/www.zt-ron.at\\\/wp-content\\\/uploads\\\/2023\\\/07\\\/semi-scaled.jpg\",\"width\":2560,\"height\":1707},{\"@type\":\"BreadcrumbList\",\"@id\":\"https:\\\/\\\/www.zt-ron.at\\\/es\\\/projekte\\\/puente-ahk11\\\/#breadcrumb\",\"itemListElement\":[{\"@type\":\"ListItem\",\"position\":1,\"name\":\"Startseite\",\"item\":\"https:\\\/\\\/www.zt-ron.at\\\/es\\\/\"},{\"@type\":\"ListItem\",\"position\":2,\"name\":\"Proyectos\",\"item\":\"https:\\\/\\\/www.zt-ron.at\\\/es\\\/projekte\\\/\"},{\"@type\":\"ListItem\",\"position\":3,\"name\":\"Proyecto puente de v\u00eda ferroviaria AHK11\"}]},{\"@type\":\"WebSite\",\"@id\":\"https:\\\/\\\/www.zt-ron.at\\\/#website\",\"url\":\"https:\\\/\\\/www.zt-ron.at\\\/\",\"name\":\"RONACHER ZT GmbH\",\"description\":\"Kompetenz in Statik\",\"publisher\":{\"@id\":\"https:\\\/\\\/www.zt-ron.at\\\/#organization\"},\"alternateName\":\"Konstruktives Ingenieurbauwesen\",\"potentialAction\":[{\"@type\":\"SearchAction\",\"target\":{\"@type\":\"EntryPoint\",\"urlTemplate\":\"https:\\\/\\\/www.zt-ron.at\\\/?s={search_term_string}\"},\"query-input\":{\"@type\":\"PropertyValueSpecification\",\"valueRequired\":true,\"valueName\":\"search_term_string\"}}],\"inLanguage\":\"es\"},{\"@type\":\"Organization\",\"@id\":\"https:\\\/\\\/www.zt-ron.at\\\/#organization\",\"name\":\"RONACHER ZT GmbH\",\"url\":\"https:\\\/\\\/www.zt-ron.at\\\/\",\"logo\":{\"@type\":\"ImageObject\",\"inLanguage\":\"es\",\"@id\":\"https:\\\/\\\/www.zt-ron.at\\\/#\\\/schema\\\/logo\\\/image\\\/\",\"url\":\"\",\"contentUrl\":\"\",\"caption\":\"RONACHER ZT GmbH\"},\"image\":{\"@id\":\"https:\\\/\\\/www.zt-ron.at\\\/#\\\/schema\\\/logo\\\/image\\\/\"}}]}<\/script>\n<!-- \/ Yoast SEO plugin. -->","yoast_head_json":{"title":"Proyecto puente de v\u00eda ferroviaria AHK11 &#8212; RONACHER ZT GmbH","robots":{"index":"index","follow":"follow","max-snippet":"max-snippet:-1","max-image-preview":"max-image-preview:large","max-video-preview":"max-video-preview:-1"},"canonical":"https:\/\/www.zt-ron.at\/es\/projekte\/puente-ahk11\/","og_locale":"es_ES","og_type":"article","og_title":"Proyecto puente de v\u00eda ferroviaria AHK11 &#8212; RONACHER ZT GmbH","og_description":"Se trata de un puente ferroviario de la clase +2\/SW en el marco del proyecto Koralm. La estructura de soporte fue proyectada como estructura de soporte de acero y hormig\u00f3n. El sistema est\u00e1tico es una estructura portante continua con 20 +35m +20m. El puente se construy\u00f3 mientras la v\u00eda estaba en uso, primero la parte [&hellip;]","og_url":"https:\/\/www.zt-ron.at\/es\/projekte\/puente-ahk11\/","og_site_name":"RONACHER ZT GmbH","article_modified_time":"2023-08-01T08:57:45+00:00","og_image":[{"width":2560,"height":1707,"url":"https:\/\/www.zt-ron.at\/wp-content\/uploads\/2023\/07\/semi-scaled.jpg","type":"image\/jpeg"}],"schema":{"@context":"https:\/\/schema.org","@graph":[{"@type":"WebPage","@id":"https:\/\/www.zt-ron.at\/es\/projekte\/puente-ahk11\/","url":"https:\/\/www.zt-ron.at\/es\/projekte\/puente-ahk11\/","name":"Proyecto puente de v\u00eda ferroviaria AHK11 &#8212; RONACHER ZT GmbH","isPartOf":{"@id":"https:\/\/www.zt-ron.at\/#website"},"primaryImageOfPage":{"@id":"https:\/\/www.zt-ron.at\/es\/projekte\/puente-ahk11\/#primaryimage"},"image":{"@id":"https:\/\/www.zt-ron.at\/es\/projekte\/puente-ahk11\/#primaryimage"},"thumbnailUrl":"https:\/\/www.zt-ron.at\/wp-content\/uploads\/2023\/07\/semi-scaled.jpg","datePublished":"2014-05-20T10:20:21+00:00","dateModified":"2023-08-01T08:57:45+00:00","breadcrumb":{"@id":"https:\/\/www.zt-ron.at\/es\/projekte\/puente-ahk11\/#breadcrumb"},"inLanguage":"es","potentialAction":[{"@type":"ReadAction","target":["https:\/\/www.zt-ron.at\/es\/projekte\/puente-ahk11\/"]}]},{"@type":"ImageObject","inLanguage":"es","@id":"https:\/\/www.zt-ron.at\/es\/projekte\/puente-ahk11\/#primaryimage","url":"https:\/\/www.zt-ron.at\/wp-content\/uploads\/2023\/07\/semi-scaled.jpg","contentUrl":"https:\/\/www.zt-ron.at\/wp-content\/uploads\/2023\/07\/semi-scaled.jpg","width":2560,"height":1707},{"@type":"BreadcrumbList","@id":"https:\/\/www.zt-ron.at\/es\/projekte\/puente-ahk11\/#breadcrumb","itemListElement":[{"@type":"ListItem","position":1,"name":"Startseite","item":"https:\/\/www.zt-ron.at\/es\/"},{"@type":"ListItem","position":2,"name":"Proyectos","item":"https:\/\/www.zt-ron.at\/es\/projekte\/"},{"@type":"ListItem","position":3,"name":"Proyecto puente de v\u00eda ferroviaria AHK11"}]},{"@type":"WebSite","@id":"https:\/\/www.zt-ron.at\/#website","url":"https:\/\/www.zt-ron.at\/","name":"RONACHER ZT GmbH","description":"Kompetenz in Statik","publisher":{"@id":"https:\/\/www.zt-ron.at\/#organization"},"alternateName":"Konstruktives Ingenieurbauwesen","potentialAction":[{"@type":"SearchAction","target":{"@type":"EntryPoint","urlTemplate":"https:\/\/www.zt-ron.at\/?s={search_term_string}"},"query-input":{"@type":"PropertyValueSpecification","valueRequired":true,"valueName":"search_term_string"}}],"inLanguage":"es"},{"@type":"Organization","@id":"https:\/\/www.zt-ron.at\/#organization","name":"RONACHER ZT GmbH","url":"https:\/\/www.zt-ron.at\/","logo":{"@type":"ImageObject","inLanguage":"es","@id":"https:\/\/www.zt-ron.at\/#\/schema\/logo\/image\/","url":"","contentUrl":"","caption":"RONACHER ZT GmbH"},"image":{"@id":"https:\/\/www.zt-ron.at\/#\/schema\/logo\/image\/"}}]}},"_links":{"self":[{"href":"https:\/\/www.zt-ron.at\/es\/wp-json\/wp\/v2\/pages\/4859","targetHints":{"allow":["GET"]}}],"collection":[{"href":"https:\/\/www.zt-ron.at\/es\/wp-json\/wp\/v2\/pages"}],"about":[{"href":"https:\/\/www.zt-ron.at\/es\/wp-json\/wp\/v2\/types\/page"}],"author":[{"embeddable":true,"href":"https:\/\/www.zt-ron.at\/es\/wp-json\/wp\/v2\/users\/1"}],"replies":[{"embeddable":true,"href":"https:\/\/www.zt-ron.at\/es\/wp-json\/wp\/v2\/comments?post=4859"}],"version-history":[{"count":0,"href":"https:\/\/www.zt-ron.at\/es\/wp-json\/wp\/v2\/pages\/4859\/revisions"}],"up":[{"embeddable":true,"href":"https:\/\/www.zt-ron.at\/es\/wp-json\/wp\/v2\/pages\/4771"}],"wp:featuredmedia":[{"embeddable":true,"href":"https:\/\/www.zt-ron.at\/es\/wp-json\/wp\/v2\/media\/6031"}],"wp:attachment":[{"href":"https:\/\/www.zt-ron.at\/es\/wp-json\/wp\/v2\/media?parent=4859"}],"curies":[{"name":"wp","href":"https:\/\/api.w.org\/{rel}","templated":true}]}}