{"id":4853,"date":"2014-05-20T12:16:07","date_gmt":"2014-05-20T10:16:07","guid":{"rendered":"http:\/\/wp13.ewerkstatt.com\/?page_id=4853"},"modified":"2023-08-02T12:34:36","modified_gmt":"2023-08-02T10:34:36","slug":"torre-pelletizadora","status":"publish","type":"page","link":"https:\/\/www.zt-ron.at\/es\/projekte\/torre-pelletizadora\/","title":{"rendered":"Torre pelletizadora"},"content":{"rendered":"\n<p>Dise\u00f1o c\u00e1lculo estructural estructura de soporte incluida est\u00e1tica para una torre pelletizadora (fabricaci\u00f3n de pellets de madera)&nbsp;El equipamiento mecanizado est\u00e1 realizado de tal manera, que la fabricaci\u00f3n se produce en direcci\u00f3n vertical de arriba hacia abajo.<\/p>\n\n\n\n<p>Una unidad mec\u00e1nica de torre se compone est\u00e1ticamente de dos torres de estructura mec\u00e1nica acopladas; La entrega se realiza con el equipamiento mec\u00e1nico completo incluido como una unidad de construcci\u00f3n. Despu\u00e9s de situarla en los cimientos especiales, una vez realizada la conexi\u00f3n de electricidad y de agua, se puede comenzar con la fabricaci\u00f3n.<\/p>\n\n\n\n<p>El dise\u00f1o de la torre no se desarroll\u00f3 como un edificio singular para un estado de construcci\u00f3n, sino como producto para una fabricaci\u00f3n en serie.&nbsp;Estas unidades de torre, tambi\u00e9n se pueden conectar en serie para conseguir cantidades de producci\u00f3n m\u00e1s grande a petici\u00f3n del cliente final.<\/p>\n\n\n\n<p>Comitente: Empresa TECCON.<\/p>\n\n\n\n<figure class=\"wp-block-image alignleft\"><a href=\"https:\/\/www.zt-ron.at\/wp-content\/uploads\/2014\/05\/8bafb4a747.jpg\"><img loading=\"lazy\" decoding=\"async\" width=\"250\" height=\"375\" src=\"https:\/\/www.zt-ron.at\/wp-content\/uploads\/2014\/05\/8bafb4a747-250x375.jpg\" alt=\"Tragstruktur vor dem Einbringen der maschinellen Ausr\u00fcstung\" class=\"wp-image-4618\" title=\"Tragstruktur vor dem Einbringen der maschinellen Ausr\u00fcstung\" srcset=\"https:\/\/www.zt-ron.at\/wp-content\/uploads\/2014\/05\/8bafb4a747-250x375.jpg 250w, https:\/\/www.zt-ron.at\/wp-content\/uploads\/2014\/05\/8bafb4a747-120x180.jpg 120w, https:\/\/www.zt-ron.at\/wp-content\/uploads\/2014\/05\/8bafb4a747-179x270.jpg 179w, https:\/\/www.zt-ron.at\/wp-content\/uploads\/2014\/05\/8bafb4a747-108x163.jpg 108w, https:\/\/www.zt-ron.at\/wp-content\/uploads\/2014\/05\/8bafb4a747.jpg 300w\" sizes=\"auto, (max-width: 250px) 100vw, 250px\" \/><\/a><\/figure>\n\n\n\n<figure class=\"wp-block-image\"><a href=\"https:\/\/www.zt-ron.at\/wp-content\/uploads\/2014\/05\/27e9b1599d.jpg\"><img loading=\"lazy\" decoding=\"async\" width=\"250\" height=\"375\" src=\"https:\/\/www.zt-ron.at\/wp-content\/uploads\/2014\/05\/27e9b1599d-250x375.jpg\" alt=\"Unidad de torre pelletizadora instalada &quot;ready for production&quot;\" class=\"wp-image-4619\" srcset=\"https:\/\/www.zt-ron.at\/wp-content\/uploads\/2014\/05\/27e9b1599d-250x375.jpg 250w, https:\/\/www.zt-ron.at\/wp-content\/uploads\/2014\/05\/27e9b1599d-120x180.jpg 120w, https:\/\/www.zt-ron.at\/wp-content\/uploads\/2014\/05\/27e9b1599d-179x270.jpg 179w, https:\/\/www.zt-ron.at\/wp-content\/uploads\/2014\/05\/27e9b1599d-108x163.jpg 108w, https:\/\/www.zt-ron.at\/wp-content\/uploads\/2014\/05\/27e9b1599d.jpg 300w\" sizes=\"auto, (max-width: 250px) 100vw, 250px\" \/><\/a><\/figure>\n","protected":false},"excerpt":{"rendered":"<p>Dise\u00f1o c\u00e1lculo estructural estructura de soporte incluida est\u00e1tica para una torre pelletizadora (fabricaci\u00f3n de pellets de madera)&nbsp;El equipamiento mecanizado est\u00e1 realizado de tal manera, que la fabricaci\u00f3n se produce en direcci\u00f3n vertical de arriba hacia abajo. Una unidad mec\u00e1nica de torre se compone est\u00e1ticamente de dos torres de estructura mec\u00e1nica acopladas; La entrega se realiza [&hellip;]<\/p>\n","protected":false},"author":1,"featured_media":6031,"parent":4771,"menu_order":0,"comment_status":"closed","ping_status":"open","template":"","meta":{"iawp_total_views":12,"footnotes":""},"class_list":["post-4853","page","type-page","status-publish","has-post-thumbnail","hentry"],"blocksy_meta":[],"yoast_head":"<!-- This site is optimized with the Yoast SEO plugin v27.4 - https:\/\/yoast.com\/product\/yoast-seo-wordpress\/ -->\n<title>Torre pelletizadora &#8212; RONACHER ZT GmbH<\/title>\n<meta name=\"robots\" content=\"index, follow, max-snippet:-1, max-image-preview:large, max-video-preview:-1\" \/>\n<link rel=\"canonical\" href=\"https:\/\/www.zt-ron.at\/es\/projekte\/torre-pelletizadora\/\" \/>\n<meta property=\"og:locale\" content=\"es_ES\" \/>\n<meta property=\"og:type\" content=\"article\" \/>\n<meta property=\"og:title\" content=\"Torre pelletizadora &#8212; RONACHER ZT GmbH\" \/>\n<meta property=\"og:description\" content=\"Dise\u00f1o c\u00e1lculo estructural estructura de soporte incluida est\u00e1tica para una torre pelletizadora (fabricaci\u00f3n de pellets de madera)&nbsp;El equipamiento mecanizado est\u00e1 realizado de tal manera, que la fabricaci\u00f3n se produce en direcci\u00f3n vertical de arriba hacia abajo. Una unidad mec\u00e1nica de torre se compone est\u00e1ticamente de dos torres de estructura mec\u00e1nica acopladas; La entrega se realiza [&hellip;]\" \/>\n<meta property=\"og:url\" content=\"https:\/\/www.zt-ron.at\/es\/projekte\/torre-pelletizadora\/\" \/>\n<meta property=\"og:site_name\" content=\"RONACHER ZT GmbH\" \/>\n<meta property=\"article:modified_time\" content=\"2023-08-02T10:34:36+00:00\" \/>\n<meta property=\"og:image\" content=\"https:\/\/www.zt-ron.at\/wp-content\/uploads\/2023\/07\/semi-scaled.jpg\" \/>\n\t<meta property=\"og:image:width\" content=\"2560\" \/>\n\t<meta property=\"og:image:height\" content=\"1707\" \/>\n\t<meta property=\"og:image:type\" content=\"image\/jpeg\" \/>\n<meta name=\"twitter:label1\" content=\"Tiempo de lectura\" \/>\n\t<meta name=\"twitter:data1\" content=\"2 minutos\" \/>\n<script type=\"application\/ld+json\" class=\"yoast-schema-graph\">{\"@context\":\"https:\\\/\\\/schema.org\",\"@graph\":[{\"@type\":\"WebPage\",\"@id\":\"https:\\\/\\\/www.zt-ron.at\\\/es\\\/projekte\\\/torre-pelletizadora\\\/\",\"url\":\"https:\\\/\\\/www.zt-ron.at\\\/es\\\/projekte\\\/torre-pelletizadora\\\/\",\"name\":\"Torre pelletizadora &#8212; RONACHER ZT GmbH\",\"isPartOf\":{\"@id\":\"https:\\\/\\\/www.zt-ron.at\\\/#website\"},\"primaryImageOfPage\":{\"@id\":\"https:\\\/\\\/www.zt-ron.at\\\/es\\\/projekte\\\/torre-pelletizadora\\\/#primaryimage\"},\"image\":{\"@id\":\"https:\\\/\\\/www.zt-ron.at\\\/es\\\/projekte\\\/torre-pelletizadora\\\/#primaryimage\"},\"thumbnailUrl\":\"https:\\\/\\\/www.zt-ron.at\\\/wp-content\\\/uploads\\\/2023\\\/07\\\/semi-scaled.jpg\",\"datePublished\":\"2014-05-20T10:16:07+00:00\",\"dateModified\":\"2023-08-02T10:34:36+00:00\",\"breadcrumb\":{\"@id\":\"https:\\\/\\\/www.zt-ron.at\\\/es\\\/projekte\\\/torre-pelletizadora\\\/#breadcrumb\"},\"inLanguage\":\"es\",\"potentialAction\":[{\"@type\":\"ReadAction\",\"target\":[\"https:\\\/\\\/www.zt-ron.at\\\/es\\\/projekte\\\/torre-pelletizadora\\\/\"]}]},{\"@type\":\"ImageObject\",\"inLanguage\":\"es\",\"@id\":\"https:\\\/\\\/www.zt-ron.at\\\/es\\\/projekte\\\/torre-pelletizadora\\\/#primaryimage\",\"url\":\"https:\\\/\\\/www.zt-ron.at\\\/wp-content\\\/uploads\\\/2023\\\/07\\\/semi-scaled.jpg\",\"contentUrl\":\"https:\\\/\\\/www.zt-ron.at\\\/wp-content\\\/uploads\\\/2023\\\/07\\\/semi-scaled.jpg\",\"width\":2560,\"height\":1707},{\"@type\":\"BreadcrumbList\",\"@id\":\"https:\\\/\\\/www.zt-ron.at\\\/es\\\/projekte\\\/torre-pelletizadora\\\/#breadcrumb\",\"itemListElement\":[{\"@type\":\"ListItem\",\"position\":1,\"name\":\"Startseite\",\"item\":\"https:\\\/\\\/www.zt-ron.at\\\/es\\\/\"},{\"@type\":\"ListItem\",\"position\":2,\"name\":\"Proyectos\",\"item\":\"https:\\\/\\\/www.zt-ron.at\\\/es\\\/projekte\\\/\"},{\"@type\":\"ListItem\",\"position\":3,\"name\":\"Torre pelletizadora\"}]},{\"@type\":\"WebSite\",\"@id\":\"https:\\\/\\\/www.zt-ron.at\\\/#website\",\"url\":\"https:\\\/\\\/www.zt-ron.at\\\/\",\"name\":\"RONACHER ZT GmbH\",\"description\":\"Kompetenz in Statik\",\"publisher\":{\"@id\":\"https:\\\/\\\/www.zt-ron.at\\\/#organization\"},\"alternateName\":\"Konstruktives Ingenieurbauwesen\",\"potentialAction\":[{\"@type\":\"SearchAction\",\"target\":{\"@type\":\"EntryPoint\",\"urlTemplate\":\"https:\\\/\\\/www.zt-ron.at\\\/?s={search_term_string}\"},\"query-input\":{\"@type\":\"PropertyValueSpecification\",\"valueRequired\":true,\"valueName\":\"search_term_string\"}}],\"inLanguage\":\"es\"},{\"@type\":\"Organization\",\"@id\":\"https:\\\/\\\/www.zt-ron.at\\\/#organization\",\"name\":\"RONACHER ZT GmbH\",\"url\":\"https:\\\/\\\/www.zt-ron.at\\\/\",\"logo\":{\"@type\":\"ImageObject\",\"inLanguage\":\"es\",\"@id\":\"https:\\\/\\\/www.zt-ron.at\\\/#\\\/schema\\\/logo\\\/image\\\/\",\"url\":\"\",\"contentUrl\":\"\",\"caption\":\"RONACHER ZT GmbH\"},\"image\":{\"@id\":\"https:\\\/\\\/www.zt-ron.at\\\/#\\\/schema\\\/logo\\\/image\\\/\"}}]}<\/script>\n<!-- \/ Yoast SEO plugin. -->","yoast_head_json":{"title":"Torre pelletizadora &#8212; RONACHER ZT GmbH","robots":{"index":"index","follow":"follow","max-snippet":"max-snippet:-1","max-image-preview":"max-image-preview:large","max-video-preview":"max-video-preview:-1"},"canonical":"https:\/\/www.zt-ron.at\/es\/projekte\/torre-pelletizadora\/","og_locale":"es_ES","og_type":"article","og_title":"Torre pelletizadora &#8212; RONACHER ZT GmbH","og_description":"Dise\u00f1o c\u00e1lculo estructural estructura de soporte incluida est\u00e1tica para una torre pelletizadora (fabricaci\u00f3n de pellets de madera)&nbsp;El equipamiento mecanizado est\u00e1 realizado de tal manera, que la fabricaci\u00f3n se produce en direcci\u00f3n vertical de arriba hacia abajo. Una unidad mec\u00e1nica de torre se compone est\u00e1ticamente de dos torres de estructura mec\u00e1nica acopladas; La entrega se realiza [&hellip;]","og_url":"https:\/\/www.zt-ron.at\/es\/projekte\/torre-pelletizadora\/","og_site_name":"RONACHER ZT GmbH","article_modified_time":"2023-08-02T10:34:36+00:00","og_image":[{"width":2560,"height":1707,"url":"https:\/\/www.zt-ron.at\/wp-content\/uploads\/2023\/07\/semi-scaled.jpg","type":"image\/jpeg"}],"twitter_misc":{"Tiempo de lectura":"2 minutos"},"schema":{"@context":"https:\/\/schema.org","@graph":[{"@type":"WebPage","@id":"https:\/\/www.zt-ron.at\/es\/projekte\/torre-pelletizadora\/","url":"https:\/\/www.zt-ron.at\/es\/projekte\/torre-pelletizadora\/","name":"Torre pelletizadora &#8212; RONACHER ZT GmbH","isPartOf":{"@id":"https:\/\/www.zt-ron.at\/#website"},"primaryImageOfPage":{"@id":"https:\/\/www.zt-ron.at\/es\/projekte\/torre-pelletizadora\/#primaryimage"},"image":{"@id":"https:\/\/www.zt-ron.at\/es\/projekte\/torre-pelletizadora\/#primaryimage"},"thumbnailUrl":"https:\/\/www.zt-ron.at\/wp-content\/uploads\/2023\/07\/semi-scaled.jpg","datePublished":"2014-05-20T10:16:07+00:00","dateModified":"2023-08-02T10:34:36+00:00","breadcrumb":{"@id":"https:\/\/www.zt-ron.at\/es\/projekte\/torre-pelletizadora\/#breadcrumb"},"inLanguage":"es","potentialAction":[{"@type":"ReadAction","target":["https:\/\/www.zt-ron.at\/es\/projekte\/torre-pelletizadora\/"]}]},{"@type":"ImageObject","inLanguage":"es","@id":"https:\/\/www.zt-ron.at\/es\/projekte\/torre-pelletizadora\/#primaryimage","url":"https:\/\/www.zt-ron.at\/wp-content\/uploads\/2023\/07\/semi-scaled.jpg","contentUrl":"https:\/\/www.zt-ron.at\/wp-content\/uploads\/2023\/07\/semi-scaled.jpg","width":2560,"height":1707},{"@type":"BreadcrumbList","@id":"https:\/\/www.zt-ron.at\/es\/projekte\/torre-pelletizadora\/#breadcrumb","itemListElement":[{"@type":"ListItem","position":1,"name":"Startseite","item":"https:\/\/www.zt-ron.at\/es\/"},{"@type":"ListItem","position":2,"name":"Proyectos","item":"https:\/\/www.zt-ron.at\/es\/projekte\/"},{"@type":"ListItem","position":3,"name":"Torre pelletizadora"}]},{"@type":"WebSite","@id":"https:\/\/www.zt-ron.at\/#website","url":"https:\/\/www.zt-ron.at\/","name":"RONACHER ZT GmbH","description":"Kompetenz in Statik","publisher":{"@id":"https:\/\/www.zt-ron.at\/#organization"},"alternateName":"Konstruktives Ingenieurbauwesen","potentialAction":[{"@type":"SearchAction","target":{"@type":"EntryPoint","urlTemplate":"https:\/\/www.zt-ron.at\/?s={search_term_string}"},"query-input":{"@type":"PropertyValueSpecification","valueRequired":true,"valueName":"search_term_string"}}],"inLanguage":"es"},{"@type":"Organization","@id":"https:\/\/www.zt-ron.at\/#organization","name":"RONACHER ZT GmbH","url":"https:\/\/www.zt-ron.at\/","logo":{"@type":"ImageObject","inLanguage":"es","@id":"https:\/\/www.zt-ron.at\/#\/schema\/logo\/image\/","url":"","contentUrl":"","caption":"RONACHER ZT GmbH"},"image":{"@id":"https:\/\/www.zt-ron.at\/#\/schema\/logo\/image\/"}}]}},"_links":{"self":[{"href":"https:\/\/www.zt-ron.at\/es\/wp-json\/wp\/v2\/pages\/4853","targetHints":{"allow":["GET"]}}],"collection":[{"href":"https:\/\/www.zt-ron.at\/es\/wp-json\/wp\/v2\/pages"}],"about":[{"href":"https:\/\/www.zt-ron.at\/es\/wp-json\/wp\/v2\/types\/page"}],"author":[{"embeddable":true,"href":"https:\/\/www.zt-ron.at\/es\/wp-json\/wp\/v2\/users\/1"}],"replies":[{"embeddable":true,"href":"https:\/\/www.zt-ron.at\/es\/wp-json\/wp\/v2\/comments?post=4853"}],"version-history":[{"count":0,"href":"https:\/\/www.zt-ron.at\/es\/wp-json\/wp\/v2\/pages\/4853\/revisions"}],"up":[{"embeddable":true,"href":"https:\/\/www.zt-ron.at\/es\/wp-json\/wp\/v2\/pages\/4771"}],"wp:featuredmedia":[{"embeddable":true,"href":"https:\/\/www.zt-ron.at\/es\/wp-json\/wp\/v2\/media\/6031"}],"wp:attachment":[{"href":"https:\/\/www.zt-ron.at\/es\/wp-json\/wp\/v2\/media?parent=4853"}],"curies":[{"name":"wp","href":"https:\/\/api.w.org\/{rel}","templated":true}]}}