{"id":4786,"date":"2014-05-14T11:58:21","date_gmt":"2014-05-14T09:58:21","guid":{"rendered":"http:\/\/wp13.ewerkstatt.com\/?page_id=4786"},"modified":"2023-08-01T10:11:40","modified_gmt":"2023-08-01T08:11:40","slug":"statik","status":"publish","type":"page","link":"https:\/\/www.zt-ron.at\/es\/competencias\/statik\/","title":{"rendered":"Competencias Fundamentales \u2013 Est\u00e1tica"},"content":{"rendered":"\n<p>Nuestra gama de prestaciones en este \u00e1mbito abarca an\u00e1lisis est\u00e1ticos y din\u00e1micos, incluidas pruebas estad\u00edsticas desde toda la industria de la construcci\u00f3n hasta instalaciones industriales. En el \u00e1mbito de otras disciplinas afines tambi\u00e9n nos ocupamos de la realizaci\u00f3n sin dificultades.<\/p>\n\n\n\n<h2 class=\"wp-block-heading\"><b>Todo en una mano<\/b><\/h2>\n\n\n\n<p>Ronacher ZT GmbH se presenta para ello como \u00abFull Service Provider\u00bb(Proveedor \u00fanico de servicios), y controla el proceso completo:<\/p>\n\n\n\n<ol class=\"wp-block-list\">\n<li>Asesoramiento<\/li>\n\n\n\n<li>Anteproyecto \/ concepci\u00f3n<\/li>\n\n\n\n<li>Planificaci\u00f3n de borrador<\/li>\n\n\n\n<li>Planificaci\u00f3n de ejecuci\u00f3n<\/li>\n\n\n\n<li>Bases con determinaci\u00f3n del mejor ofertante<\/li>\n\n\n\n<li>Supervisi\u00f3n de la obra<\/li>\n\n\n\n<li>Altas<\/li>\n<\/ol>\n\n\n\n<h2 class=\"wp-block-heading\">Algunos Ejemplos<\/h2>\n\n\n\n<p>A continuaci\u00f3n encontrar\u00e1 dos representaciones co<\/p>\n\n\n\n<div class=\"wp-block-stackable-columns alignwide stk-block-columns stk-block stk-14818bf\" data-block-id=\"14818bf\"><div class=\"stk-row stk-inner-blocks stk-block-content stk-content-align stk-14818bf-column alignwide\">\n<div class=\"wp-block-stackable-column stk-block-column stk-column stk-block stk-bafc9db\" data-v=\"4\" data-block-id=\"bafc9db\"><div class=\"stk-column-wrapper stk-block-column__content stk-container stk-bafc9db-container stk--no-background stk--no-padding\"><div class=\"stk-block-content stk-inner-blocks stk-bafc9db-inner-blocks\">\n<div class=\"wp-block-stackable-columns stk-block-columns stk-block stk-5529ff8\" data-block-id=\"5529ff8\"><div class=\"stk-row stk-inner-blocks stk-block-content stk-content-align stk-5529ff8-column\">\n<div class=\"wp-block-stackable-column stk-block-column stk-column stk-block stk-c42b3fa\" data-v=\"4\" data-block-id=\"c42b3fa\"><div class=\"stk-column-wrapper stk-block-column__content stk-container stk-c42b3fa-container stk--no-background stk--no-padding\"><div class=\"stk-block-content stk-inner-blocks stk-c42b3fa-inner-blocks\">\n<div class=\"wp-block-stackable-card stk-block-card stk-block stk-6df894d is-style-default\" data-v=\"2\" data-block-id=\"6df894d\"><div class=\"stk--no-padding stk-container stk-6df894d-container stk-hover-parent\"><figure class=\"stk-block-card__image stk-img-wrapper stk-image--shape-stretch\"><img loading=\"lazy\" decoding=\"async\" class=\"stk-img wp-image-4655\" src=\"https:\/\/www.zt-ron.at\/wp-content\/uploads\/2014\/05\/Pyramide_im_See_-_mittels_raeumlicher_Stabwerksanalyse.jpg\" width=\"800\" height=\"585\" srcset=\"https:\/\/www.zt-ron.at\/wp-content\/uploads\/2014\/05\/Pyramide_im_See_-_mittels_raeumlicher_Stabwerksanalyse.jpg 800w, https:\/\/www.zt-ron.at\/wp-content\/uploads\/2014\/05\/Pyramide_im_See_-_mittels_raeumlicher_Stabwerksanalyse-250x182.jpg 250w, https:\/\/www.zt-ron.at\/wp-content\/uploads\/2014\/05\/Pyramide_im_See_-_mittels_raeumlicher_Stabwerksanalyse-700x511.jpg 700w, https:\/\/www.zt-ron.at\/wp-content\/uploads\/2014\/05\/Pyramide_im_See_-_mittels_raeumlicher_Stabwerksanalyse-120x87.jpg 120w, https:\/\/www.zt-ron.at\/wp-content\/uploads\/2014\/05\/Pyramide_im_See_-_mittels_raeumlicher_Stabwerksanalyse-369x270.jpg 369w, https:\/\/www.zt-ron.at\/wp-content\/uploads\/2014\/05\/Pyramide_im_See_-_mittels_raeumlicher_Stabwerksanalyse-222x163.jpg 222w\" sizes=\"auto, (max-width: 800px) 100vw, 800px\" \/><\/figure><div class=\"stk-container-padding stk-block-card__content\"><div class=\"stk-block-content stk-inner-blocks stk-6df894d-inner-blocks\">\n<div class=\"wp-block-stackable-heading stk-block-heading stk-block-heading--v2 stk-block stk-c99bcf8\" id=\"metodo-de-deformacion\" data-block-id=\"c99bcf8\"><style>.stk-c99bcf8 .stk-block-heading__text{font-size:32px !important}@media screen and (max-width:999px){.stk-c99bcf8 .stk-block-heading__text{font-size:32px !important}}<\/style><h2 class=\"stk-block-heading__text\">M\u00e9todo de deformaci\u00f3n<\/h2><\/div>\n\n\n\n<div class=\"wp-block-stackable-text stk-block-text stk-block stk-1376afd\" data-block-id=\"1376afd\"><p class=\"stk-block-text__text\">Pir\u00e1mide de acero sobre postes en lago: calculado como sistema espacial con una figura 1:1 seg\u00fan el m\u00e9todo de deformaci\u00f3n con un software de c\u00e1lculo de estructuras<\/p><\/div>\n<\/div><\/div><\/div><\/div>\n<\/div><\/div><\/div>\n\n\n\n<div class=\"wp-block-stackable-column stk-block-column stk-column stk-block stk-2f079e6\" data-v=\"4\" data-block-id=\"2f079e6\"><div class=\"stk-column-wrapper stk-block-column__content stk-container stk-2f079e6-container stk--no-background stk--no-padding\"><div class=\"stk-block-content stk-inner-blocks stk-2f079e6-inner-blocks\">\n<div class=\"wp-block-stackable-card stk-block-card stk-block stk-55a5b7b is-style-default\" data-v=\"2\" data-block-id=\"55a5b7b\"><div class=\"stk--no-padding stk-container stk-55a5b7b-container stk-hover-parent\"><figure class=\"stk-block-card__image stk-img-wrapper stk-image--shape-stretch\"><img loading=\"lazy\" decoding=\"async\" class=\"stk-img wp-image-4656\" src=\"https:\/\/www.zt-ron.at\/wp-content\/uploads\/2014\/05\/FE-Stabwerksanalyse_nach_Eurocodees.jpg\" width=\"800\" height=\"585\" alt=\"Finite-Elemente Methode\" srcset=\"https:\/\/www.zt-ron.at\/wp-content\/uploads\/2014\/05\/FE-Stabwerksanalyse_nach_Eurocodees.jpg 800w, https:\/\/www.zt-ron.at\/wp-content\/uploads\/2014\/05\/FE-Stabwerksanalyse_nach_Eurocodees-250x182.jpg 250w, https:\/\/www.zt-ron.at\/wp-content\/uploads\/2014\/05\/FE-Stabwerksanalyse_nach_Eurocodees-700x511.jpg 700w, https:\/\/www.zt-ron.at\/wp-content\/uploads\/2014\/05\/FE-Stabwerksanalyse_nach_Eurocodees-120x87.jpg 120w, https:\/\/www.zt-ron.at\/wp-content\/uploads\/2014\/05\/FE-Stabwerksanalyse_nach_Eurocodees-369x270.jpg 369w, https:\/\/www.zt-ron.at\/wp-content\/uploads\/2014\/05\/FE-Stabwerksanalyse_nach_Eurocodees-222x163.jpg 222w\" sizes=\"auto, (max-width: 800px) 100vw, 800px\" \/><\/figure><div class=\"stk-container-padding stk-block-card__content\"><div class=\"stk-block-content stk-inner-blocks stk-55a5b7b-inner-blocks\">\n<div class=\"wp-block-stackable-heading stk-block-heading stk-block-heading--v2 stk-block stk-35256d7\" id=\"metodo-de-los-elementos-finitos\" data-block-id=\"35256d7\"><style>.stk-35256d7 .stk-block-heading__text{font-size:32px !important}@media screen and (max-width:999px){.stk-35256d7 .stk-block-heading__text{font-size:32px !important}}<\/style><h2 class=\"stk-block-heading__text\">M\u00e9todo de los elementos finitos<\/h2><\/div>\n\n\n\n<div class=\"wp-block-stackable-text stk-block-text stk-block stk-52ae289\" data-block-id=\"52ae289\"><p class=\"stk-block-text__text\">Edificio combinado: calculado con una combinaci\u00f3n de elementos finitos y barras, incl. la interacci\u00f3n con el suelo.<\/p><\/div>\n<\/div><\/div><\/div><\/div>\n<\/div><\/div><\/div>\n<\/div><\/div>\n<\/div><\/div><\/div>\n<\/div><\/div>\n","protected":false},"excerpt":{"rendered":"<p>Nuestra gama de prestaciones en este \u00e1mbito abarca an\u00e1lisis est\u00e1ticos y din\u00e1micos, incluidas pruebas estad\u00edsticas desde toda la industria de la construcci\u00f3n hasta instalaciones industriales. En el \u00e1mbito de otras disciplinas afines tambi\u00e9n nos ocupamos de la realizaci\u00f3n sin dificultades. Todo en una mano Ronacher ZT GmbH se presenta para ello como \u00abFull Service Provider\u00bb(Proveedor [&hellip;]<\/p>\n","protected":false},"author":2,"featured_media":6008,"parent":4750,"menu_order":0,"comment_status":"closed","ping_status":"open","template":"","meta":{"iawp_total_views":4,"footnotes":""},"class_list":["post-4786","page","type-page","status-publish","has-post-thumbnail","hentry"],"blocksy_meta":[],"yoast_head":"<!-- This site is optimized with the Yoast SEO plugin v27.4 - https:\/\/yoast.com\/product\/yoast-seo-wordpress\/ -->\n<title>Competencias Fundamentales \u2013 Est\u00e1tica &#8212; RONACHER ZT GmbH<\/title>\n<meta name=\"robots\" content=\"index, follow, max-snippet:-1, max-image-preview:large, max-video-preview:-1\" \/>\n<link rel=\"canonical\" href=\"https:\/\/www.zt-ron.at\/es\/competencias\/statik\/\" \/>\n<meta property=\"og:locale\" content=\"es_ES\" \/>\n<meta property=\"og:type\" content=\"article\" \/>\n<meta property=\"og:title\" content=\"Competencias Fundamentales \u2013 Est\u00e1tica &#8212; RONACHER ZT GmbH\" \/>\n<meta property=\"og:description\" content=\"Nuestra gama de prestaciones en este \u00e1mbito abarca an\u00e1lisis est\u00e1ticos y din\u00e1micos, incluidas pruebas estad\u00edsticas desde toda la industria de la construcci\u00f3n hasta instalaciones industriales. En el \u00e1mbito de otras disciplinas afines tambi\u00e9n nos ocupamos de la realizaci\u00f3n sin dificultades. Todo en una mano Ronacher ZT GmbH se presenta para ello como \u00abFull Service Provider\u00bb(Proveedor [&hellip;]\" \/>\n<meta property=\"og:url\" content=\"https:\/\/www.zt-ron.at\/es\/competencias\/statik\/\" \/>\n<meta property=\"og:site_name\" content=\"RONACHER ZT GmbH\" \/>\n<meta property=\"article:modified_time\" content=\"2023-08-01T08:11:40+00:00\" \/>\n<meta property=\"og:image\" content=\"https:\/\/www.zt-ron.at\/wp-content\/uploads\/2023\/07\/metal-constructions-large-warehouse-building-unde-2022-09-29-22-44-01-utc-scaled.jpg\" \/>\n\t<meta property=\"og:image:width\" content=\"2560\" \/>\n\t<meta property=\"og:image:height\" content=\"1707\" \/>\n\t<meta property=\"og:image:type\" content=\"image\/jpeg\" \/>\n<meta name=\"twitter:label1\" content=\"Tiempo de lectura\" \/>\n\t<meta name=\"twitter:data1\" content=\"2 minutos\" \/>\n<script type=\"application\/ld+json\" class=\"yoast-schema-graph\">{\"@context\":\"https:\\\/\\\/schema.org\",\"@graph\":[{\"@type\":\"WebPage\",\"@id\":\"https:\\\/\\\/www.zt-ron.at\\\/es\\\/competencias\\\/statik\\\/\",\"url\":\"https:\\\/\\\/www.zt-ron.at\\\/es\\\/competencias\\\/statik\\\/\",\"name\":\"Competencias Fundamentales \u2013 Est\u00e1tica &#8212; RONACHER ZT GmbH\",\"isPartOf\":{\"@id\":\"https:\\\/\\\/www.zt-ron.at\\\/#website\"},\"primaryImageOfPage\":{\"@id\":\"https:\\\/\\\/www.zt-ron.at\\\/es\\\/competencias\\\/statik\\\/#primaryimage\"},\"image\":{\"@id\":\"https:\\\/\\\/www.zt-ron.at\\\/es\\\/competencias\\\/statik\\\/#primaryimage\"},\"thumbnailUrl\":\"https:\\\/\\\/www.zt-ron.at\\\/wp-content\\\/uploads\\\/2023\\\/07\\\/metal-constructions-large-warehouse-building-unde-2022-09-29-22-44-01-utc-scaled.jpg\",\"datePublished\":\"2014-05-14T09:58:21+00:00\",\"dateModified\":\"2023-08-01T08:11:40+00:00\",\"breadcrumb\":{\"@id\":\"https:\\\/\\\/www.zt-ron.at\\\/es\\\/competencias\\\/statik\\\/#breadcrumb\"},\"inLanguage\":\"es\",\"potentialAction\":[{\"@type\":\"ReadAction\",\"target\":[\"https:\\\/\\\/www.zt-ron.at\\\/es\\\/competencias\\\/statik\\\/\"]}]},{\"@type\":\"ImageObject\",\"inLanguage\":\"es\",\"@id\":\"https:\\\/\\\/www.zt-ron.at\\\/es\\\/competencias\\\/statik\\\/#primaryimage\",\"url\":\"https:\\\/\\\/www.zt-ron.at\\\/wp-content\\\/uploads\\\/2023\\\/07\\\/metal-constructions-large-warehouse-building-unde-2022-09-29-22-44-01-utc-scaled.jpg\",\"contentUrl\":\"https:\\\/\\\/www.zt-ron.at\\\/wp-content\\\/uploads\\\/2023\\\/07\\\/metal-constructions-large-warehouse-building-unde-2022-09-29-22-44-01-utc-scaled.jpg\",\"width\":2560,\"height\":1707,\"caption\":\"Metal constructions. Large warehouse building under construction\"},{\"@type\":\"BreadcrumbList\",\"@id\":\"https:\\\/\\\/www.zt-ron.at\\\/es\\\/competencias\\\/statik\\\/#breadcrumb\",\"itemListElement\":[{\"@type\":\"ListItem\",\"position\":1,\"name\":\"Startseite\",\"item\":\"https:\\\/\\\/www.zt-ron.at\\\/es\\\/\"},{\"@type\":\"ListItem\",\"position\":2,\"name\":\"Nuestras competencias principales\",\"item\":\"https:\\\/\\\/www.zt-ron.at\\\/es\\\/competencias\\\/\"},{\"@type\":\"ListItem\",\"position\":3,\"name\":\"Competencias Fundamentales \u2013 Est\u00e1tica\"}]},{\"@type\":\"WebSite\",\"@id\":\"https:\\\/\\\/www.zt-ron.at\\\/#website\",\"url\":\"https:\\\/\\\/www.zt-ron.at\\\/\",\"name\":\"RONACHER ZT GmbH\",\"description\":\"Kompetenz in Statik\",\"publisher\":{\"@id\":\"https:\\\/\\\/www.zt-ron.at\\\/#organization\"},\"alternateName\":\"Konstruktives Ingenieurbauwesen\",\"potentialAction\":[{\"@type\":\"SearchAction\",\"target\":{\"@type\":\"EntryPoint\",\"urlTemplate\":\"https:\\\/\\\/www.zt-ron.at\\\/?s={search_term_string}\"},\"query-input\":{\"@type\":\"PropertyValueSpecification\",\"valueRequired\":true,\"valueName\":\"search_term_string\"}}],\"inLanguage\":\"es\"},{\"@type\":\"Organization\",\"@id\":\"https:\\\/\\\/www.zt-ron.at\\\/#organization\",\"name\":\"RONACHER ZT GmbH\",\"url\":\"https:\\\/\\\/www.zt-ron.at\\\/\",\"logo\":{\"@type\":\"ImageObject\",\"inLanguage\":\"es\",\"@id\":\"https:\\\/\\\/www.zt-ron.at\\\/#\\\/schema\\\/logo\\\/image\\\/\",\"url\":\"\",\"contentUrl\":\"\",\"caption\":\"RONACHER ZT GmbH\"},\"image\":{\"@id\":\"https:\\\/\\\/www.zt-ron.at\\\/#\\\/schema\\\/logo\\\/image\\\/\"}}]}<\/script>\n<!-- \/ Yoast SEO plugin. -->","yoast_head_json":{"title":"Competencias Fundamentales \u2013 Est\u00e1tica &#8212; RONACHER ZT GmbH","robots":{"index":"index","follow":"follow","max-snippet":"max-snippet:-1","max-image-preview":"max-image-preview:large","max-video-preview":"max-video-preview:-1"},"canonical":"https:\/\/www.zt-ron.at\/es\/competencias\/statik\/","og_locale":"es_ES","og_type":"article","og_title":"Competencias Fundamentales \u2013 Est\u00e1tica &#8212; RONACHER ZT GmbH","og_description":"Nuestra gama de prestaciones en este \u00e1mbito abarca an\u00e1lisis est\u00e1ticos y din\u00e1micos, incluidas pruebas estad\u00edsticas desde toda la industria de la construcci\u00f3n hasta instalaciones industriales. En el \u00e1mbito de otras disciplinas afines tambi\u00e9n nos ocupamos de la realizaci\u00f3n sin dificultades. Todo en una mano Ronacher ZT GmbH se presenta para ello como \u00abFull Service Provider\u00bb(Proveedor [&hellip;]","og_url":"https:\/\/www.zt-ron.at\/es\/competencias\/statik\/","og_site_name":"RONACHER ZT GmbH","article_modified_time":"2023-08-01T08:11:40+00:00","og_image":[{"width":2560,"height":1707,"url":"https:\/\/www.zt-ron.at\/wp-content\/uploads\/2023\/07\/metal-constructions-large-warehouse-building-unde-2022-09-29-22-44-01-utc-scaled.jpg","type":"image\/jpeg"}],"twitter_misc":{"Tiempo de lectura":"2 minutos"},"schema":{"@context":"https:\/\/schema.org","@graph":[{"@type":"WebPage","@id":"https:\/\/www.zt-ron.at\/es\/competencias\/statik\/","url":"https:\/\/www.zt-ron.at\/es\/competencias\/statik\/","name":"Competencias Fundamentales \u2013 Est\u00e1tica &#8212; RONACHER ZT GmbH","isPartOf":{"@id":"https:\/\/www.zt-ron.at\/#website"},"primaryImageOfPage":{"@id":"https:\/\/www.zt-ron.at\/es\/competencias\/statik\/#primaryimage"},"image":{"@id":"https:\/\/www.zt-ron.at\/es\/competencias\/statik\/#primaryimage"},"thumbnailUrl":"https:\/\/www.zt-ron.at\/wp-content\/uploads\/2023\/07\/metal-constructions-large-warehouse-building-unde-2022-09-29-22-44-01-utc-scaled.jpg","datePublished":"2014-05-14T09:58:21+00:00","dateModified":"2023-08-01T08:11:40+00:00","breadcrumb":{"@id":"https:\/\/www.zt-ron.at\/es\/competencias\/statik\/#breadcrumb"},"inLanguage":"es","potentialAction":[{"@type":"ReadAction","target":["https:\/\/www.zt-ron.at\/es\/competencias\/statik\/"]}]},{"@type":"ImageObject","inLanguage":"es","@id":"https:\/\/www.zt-ron.at\/es\/competencias\/statik\/#primaryimage","url":"https:\/\/www.zt-ron.at\/wp-content\/uploads\/2023\/07\/metal-constructions-large-warehouse-building-unde-2022-09-29-22-44-01-utc-scaled.jpg","contentUrl":"https:\/\/www.zt-ron.at\/wp-content\/uploads\/2023\/07\/metal-constructions-large-warehouse-building-unde-2022-09-29-22-44-01-utc-scaled.jpg","width":2560,"height":1707,"caption":"Metal constructions. Large warehouse building under construction"},{"@type":"BreadcrumbList","@id":"https:\/\/www.zt-ron.at\/es\/competencias\/statik\/#breadcrumb","itemListElement":[{"@type":"ListItem","position":1,"name":"Startseite","item":"https:\/\/www.zt-ron.at\/es\/"},{"@type":"ListItem","position":2,"name":"Nuestras competencias principales","item":"https:\/\/www.zt-ron.at\/es\/competencias\/"},{"@type":"ListItem","position":3,"name":"Competencias Fundamentales \u2013 Est\u00e1tica"}]},{"@type":"WebSite","@id":"https:\/\/www.zt-ron.at\/#website","url":"https:\/\/www.zt-ron.at\/","name":"RONACHER ZT GmbH","description":"Kompetenz in Statik","publisher":{"@id":"https:\/\/www.zt-ron.at\/#organization"},"alternateName":"Konstruktives Ingenieurbauwesen","potentialAction":[{"@type":"SearchAction","target":{"@type":"EntryPoint","urlTemplate":"https:\/\/www.zt-ron.at\/?s={search_term_string}"},"query-input":{"@type":"PropertyValueSpecification","valueRequired":true,"valueName":"search_term_string"}}],"inLanguage":"es"},{"@type":"Organization","@id":"https:\/\/www.zt-ron.at\/#organization","name":"RONACHER ZT GmbH","url":"https:\/\/www.zt-ron.at\/","logo":{"@type":"ImageObject","inLanguage":"es","@id":"https:\/\/www.zt-ron.at\/#\/schema\/logo\/image\/","url":"","contentUrl":"","caption":"RONACHER ZT GmbH"},"image":{"@id":"https:\/\/www.zt-ron.at\/#\/schema\/logo\/image\/"}}]}},"_links":{"self":[{"href":"https:\/\/www.zt-ron.at\/es\/wp-json\/wp\/v2\/pages\/4786","targetHints":{"allow":["GET"]}}],"collection":[{"href":"https:\/\/www.zt-ron.at\/es\/wp-json\/wp\/v2\/pages"}],"about":[{"href":"https:\/\/www.zt-ron.at\/es\/wp-json\/wp\/v2\/types\/page"}],"author":[{"embeddable":true,"href":"https:\/\/www.zt-ron.at\/es\/wp-json\/wp\/v2\/users\/2"}],"replies":[{"embeddable":true,"href":"https:\/\/www.zt-ron.at\/es\/wp-json\/wp\/v2\/comments?post=4786"}],"version-history":[{"count":0,"href":"https:\/\/www.zt-ron.at\/es\/wp-json\/wp\/v2\/pages\/4786\/revisions"}],"up":[{"embeddable":true,"href":"https:\/\/www.zt-ron.at\/es\/wp-json\/wp\/v2\/pages\/4750"}],"wp:featuredmedia":[{"embeddable":true,"href":"https:\/\/www.zt-ron.at\/es\/wp-json\/wp\/v2\/media\/6008"}],"wp:attachment":[{"href":"https:\/\/www.zt-ron.at\/es\/wp-json\/wp\/v2\/media?parent=4786"}],"curies":[{"name":"wp","href":"https:\/\/api.w.org\/{rel}","templated":true}]}}