{"id":4777,"date":"2014-05-20T10:36:16","date_gmt":"2014-05-20T08:36:16","guid":{"rendered":"http:\/\/wp13.ewerkstatt.com\/?page_id=4777"},"modified":"2023-08-03T11:20:09","modified_gmt":"2023-08-03T09:20:09","slug":"quienes-somos","status":"publish","type":"page","link":"https:\/\/www.zt-ron.at\/es\/quienes-somos\/","title":{"rendered":"Acerca de la empresa"},"content":{"rendered":"\n<p><span lang=\"es-ES\">El estudio de ingenier\u00eda Ronacher con especialidad en est\u00e1tica se fund\u00f3 en 1988 en D\u00fcsseldorf. <\/span>En 1995 la empresa se traslad\u00f3 a Austria con la potestad de ingeniero civil para la construcci\u00f3n.<\/p>\n\n\n\n<h4 class=\"wp-block-heading\">Un fuerte equipo<\/h4>\n\n\n\n<p>Uno de los pilares principales de la empresa son sus especialistas altamente cualificados. Un equipo profesional en todo el oeste de Europa posibilita una ejecuci\u00f3n exitosa de los proyectos internacionales.<\/p>\n\n\n\n<h2 class=\"wp-block-heading\">Historia de la empresa<\/h2>\n\n\n\n<div class=\"wp-block-stackable-image alignright stk-block-image stk-block stk-d05758f\" data-block-id=\"d05758f\"><style>.stk-d05758f .stk-img-wrapper{width:200px !important}.stk-d05758f .stk-img-wrapper img{border-radius:3px !important}@media screen and (max-width:999px){.stk-d05758f .stk-img-wrapper{height:600px !important}}<\/style><figure class=\"stk-img-wrapper stk-image--shape-stretch stk--has-lightbox\"><img loading=\"lazy\" decoding=\"async\" class=\"stk-img wp-image-6090\" src=\"https:\/\/www.zt-ron.at\/wp-content\/uploads\/2023\/07\/Berufsfotos-006-scaled.jpg\" width=\"1707\" height=\"2560\" alt=\"DI Hubert Ronacher\" srcset=\"https:\/\/www.zt-ron.at\/wp-content\/uploads\/2023\/07\/Berufsfotos-006-scaled.jpg 1707w, https:\/\/www.zt-ron.at\/wp-content\/uploads\/2023\/07\/Berufsfotos-006-200x300.jpg 200w, https:\/\/www.zt-ron.at\/wp-content\/uploads\/2023\/07\/Berufsfotos-006-683x1024.jpg 683w, https:\/\/www.zt-ron.at\/wp-content\/uploads\/2023\/07\/Berufsfotos-006-768x1152.jpg 768w, https:\/\/www.zt-ron.at\/wp-content\/uploads\/2023\/07\/Berufsfotos-006-1024x1536.jpg 1024w, https:\/\/www.zt-ron.at\/wp-content\/uploads\/2023\/07\/Berufsfotos-006-1365x2048.jpg 1365w\" sizes=\"auto, (max-width: 1707px) 100vw, 1707px\" \/><\/figure><\/div>\n\n\n\n<p>La historia del estudio de ingenier\u00eda est\u00e1 estrechamente relacionada con el curriculum de DI Hubert Ronacher:<\/p>\n\n\n\n<ul class=\"wp-block-list\">\n<li>Escuela T\u00e9cnica Superior Federal Villach, Departamento de Construcci\u00f3n<\/li>\n\n\n\n<li>Estudios de Ingenier\u00eda Civil en la Universidad T\u00e9cnica de Graz<\/li>\n\n\n\n<li>Semestres cursados en el extranjero, en EEUU y Alemania<\/li>\n\n\n\n<li>Viaje por el mundo de un a\u00f1o, una vez finalizados los estudios<\/li>\n\n\n\n<li>Operaciones en el extranjero para Mannesmann Anlagenbau D\u00fcsselforf, en Colombia, EEUU, Canad\u00e1, Argelia y Tailandia<\/li>\n\n\n\n<li>Especialista en c\u00e1lculos est\u00e1ticos para empresas de construcciones met\u00e1licas alemanas y austriacas.<\/li>\n\n\n\n<li>1988 Fundaci\u00f3n del estudio de ingenier\u00eda en D\u00fcsseldorf<\/li>\n\n\n\n<li>1995 Traslado del estudio de ingenier\u00eda a Austria.<\/li>\n\n\n\n<li>Desde 1996 perito para est\u00e1tica y acero estructural.<\/li>\n<\/ul>\n","protected":false},"excerpt":{"rendered":"<p>El estudio de ingenier\u00eda Ronacher con especialidad en est\u00e1tica se fund\u00f3 en 1988 en D\u00fcsseldorf. En 1995 la empresa se traslad\u00f3 a Austria con la potestad de ingeniero civil para la construcci\u00f3n. Un fuerte equipo Uno de los pilares principales de la empresa son sus especialistas altamente cualificados. Un equipo profesional en todo el oeste [&hellip;]<\/p>\n","protected":false},"author":1,"featured_media":5916,"parent":0,"menu_order":0,"comment_status":"closed","ping_status":"open","template":"","meta":{"iawp_total_views":24,"footnotes":""},"class_list":["post-4777","page","type-page","status-publish","has-post-thumbnail","hentry"],"blocksy_meta":[],"yoast_head":"<!-- This site is optimized with the Yoast SEO plugin v27.4 - https:\/\/yoast.com\/product\/yoast-seo-wordpress\/ -->\n<title>Acerca de la empresa &#8212; RONACHER ZT GmbH<\/title>\n<meta name=\"robots\" content=\"index, follow, max-snippet:-1, max-image-preview:large, max-video-preview:-1\" \/>\n<link rel=\"canonical\" href=\"https:\/\/www.zt-ron.at\/ueber-uns\/\" \/>\n<meta property=\"og:locale\" content=\"es_ES\" \/>\n<meta property=\"og:type\" content=\"article\" \/>\n<meta property=\"og:title\" content=\"Acerca de la empresa &#8212; RONACHER ZT GmbH\" \/>\n<meta property=\"og:description\" content=\"El estudio de ingenier\u00eda Ronacher con especialidad en est\u00e1tica se fund\u00f3 en 1988 en D\u00fcsseldorf. En 1995 la empresa se traslad\u00f3 a Austria con la potestad de ingeniero civil para la construcci\u00f3n. Un fuerte equipo Uno de los pilares principales de la empresa son sus especialistas altamente cualificados. Un equipo profesional en todo el oeste [&hellip;]\" \/>\n<meta property=\"og:url\" content=\"https:\/\/www.zt-ron.at\/ueber-uns\/\" \/>\n<meta property=\"og:site_name\" content=\"RONACHER ZT GmbH\" \/>\n<meta property=\"article:modified_time\" content=\"2023-08-03T09:20:09+00:00\" \/>\n<meta property=\"og:image\" content=\"https:\/\/www.zt-ron.at\/wp-content\/uploads\/2023\/07\/steel-frame-structure-2022-12-15-19-55-42-utc-scaled.jpg\" \/>\n\t<meta property=\"og:image:width\" content=\"2560\" \/>\n\t<meta property=\"og:image:height\" content=\"1709\" \/>\n\t<meta property=\"og:image:type\" content=\"image\/jpeg\" \/>\n<meta name=\"twitter:label1\" content=\"Tiempo de lectura\" \/>\n\t<meta name=\"twitter:data1\" content=\"2 minutos\" \/>\n<script type=\"application\/ld+json\" class=\"yoast-schema-graph\">{\"@context\":\"https:\\\/\\\/schema.org\",\"@graph\":[{\"@type\":\"WebPage\",\"@id\":\"https:\\\/\\\/www.zt-ron.at\\\/ueber-uns\\\/\",\"url\":\"https:\\\/\\\/www.zt-ron.at\\\/ueber-uns\\\/\",\"name\":\"Acerca de la empresa &#8212; RONACHER ZT GmbH\",\"isPartOf\":{\"@id\":\"https:\\\/\\\/www.zt-ron.at\\\/#website\"},\"primaryImageOfPage\":{\"@id\":\"https:\\\/\\\/www.zt-ron.at\\\/ueber-uns\\\/#primaryimage\"},\"image\":{\"@id\":\"https:\\\/\\\/www.zt-ron.at\\\/ueber-uns\\\/#primaryimage\"},\"thumbnailUrl\":\"https:\\\/\\\/www.zt-ron.at\\\/wp-content\\\/uploads\\\/2023\\\/07\\\/steel-frame-structure-2022-12-15-19-55-42-utc-scaled.jpg\",\"datePublished\":\"2014-05-20T08:36:16+00:00\",\"dateModified\":\"2023-08-03T09:20:09+00:00\",\"breadcrumb\":{\"@id\":\"https:\\\/\\\/www.zt-ron.at\\\/ueber-uns\\\/#breadcrumb\"},\"inLanguage\":\"es\",\"potentialAction\":[{\"@type\":\"ReadAction\",\"target\":[\"https:\\\/\\\/www.zt-ron.at\\\/ueber-uns\\\/\"]}]},{\"@type\":\"ImageObject\",\"inLanguage\":\"es\",\"@id\":\"https:\\\/\\\/www.zt-ron.at\\\/ueber-uns\\\/#primaryimage\",\"url\":\"https:\\\/\\\/www.zt-ron.at\\\/wp-content\\\/uploads\\\/2023\\\/07\\\/steel-frame-structure-2022-12-15-19-55-42-utc-scaled.jpg\",\"contentUrl\":\"https:\\\/\\\/www.zt-ron.at\\\/wp-content\\\/uploads\\\/2023\\\/07\\\/steel-frame-structure-2022-12-15-19-55-42-utc-scaled.jpg\",\"width\":2560,\"height\":1709,\"caption\":\"Steel frame structure in modern architecture\"},{\"@type\":\"BreadcrumbList\",\"@id\":\"https:\\\/\\\/www.zt-ron.at\\\/ueber-uns\\\/#breadcrumb\",\"itemListElement\":[{\"@type\":\"ListItem\",\"position\":1,\"name\":\"Startseite\",\"item\":\"https:\\\/\\\/www.zt-ron.at\\\/es\\\/\"},{\"@type\":\"ListItem\",\"position\":2,\"name\":\"Acerca de la empresa\"}]},{\"@type\":\"WebSite\",\"@id\":\"https:\\\/\\\/www.zt-ron.at\\\/#website\",\"url\":\"https:\\\/\\\/www.zt-ron.at\\\/\",\"name\":\"RONACHER ZT GmbH\",\"description\":\"Kompetenz in Statik\",\"publisher\":{\"@id\":\"https:\\\/\\\/www.zt-ron.at\\\/#organization\"},\"alternateName\":\"Konstruktives Ingenieurbauwesen\",\"potentialAction\":[{\"@type\":\"SearchAction\",\"target\":{\"@type\":\"EntryPoint\",\"urlTemplate\":\"https:\\\/\\\/www.zt-ron.at\\\/?s={search_term_string}\"},\"query-input\":{\"@type\":\"PropertyValueSpecification\",\"valueRequired\":true,\"valueName\":\"search_term_string\"}}],\"inLanguage\":\"es\"},{\"@type\":\"Organization\",\"@id\":\"https:\\\/\\\/www.zt-ron.at\\\/#organization\",\"name\":\"RONACHER ZT GmbH\",\"url\":\"https:\\\/\\\/www.zt-ron.at\\\/\",\"logo\":{\"@type\":\"ImageObject\",\"inLanguage\":\"es\",\"@id\":\"https:\\\/\\\/www.zt-ron.at\\\/#\\\/schema\\\/logo\\\/image\\\/\",\"url\":\"\",\"contentUrl\":\"\",\"caption\":\"RONACHER ZT GmbH\"},\"image\":{\"@id\":\"https:\\\/\\\/www.zt-ron.at\\\/#\\\/schema\\\/logo\\\/image\\\/\"}}]}<\/script>\n<!-- \/ Yoast SEO plugin. -->","yoast_head_json":{"title":"Acerca de la empresa &#8212; RONACHER ZT GmbH","robots":{"index":"index","follow":"follow","max-snippet":"max-snippet:-1","max-image-preview":"max-image-preview:large","max-video-preview":"max-video-preview:-1"},"canonical":"https:\/\/www.zt-ron.at\/ueber-uns\/","og_locale":"es_ES","og_type":"article","og_title":"Acerca de la empresa &#8212; RONACHER ZT GmbH","og_description":"El estudio de ingenier\u00eda Ronacher con especialidad en est\u00e1tica se fund\u00f3 en 1988 en D\u00fcsseldorf. En 1995 la empresa se traslad\u00f3 a Austria con la potestad de ingeniero civil para la construcci\u00f3n. Un fuerte equipo Uno de los pilares principales de la empresa son sus especialistas altamente cualificados. Un equipo profesional en todo el oeste [&hellip;]","og_url":"https:\/\/www.zt-ron.at\/ueber-uns\/","og_site_name":"RONACHER ZT GmbH","article_modified_time":"2023-08-03T09:20:09+00:00","og_image":[{"width":2560,"height":1709,"url":"https:\/\/www.zt-ron.at\/wp-content\/uploads\/2023\/07\/steel-frame-structure-2022-12-15-19-55-42-utc-scaled.jpg","type":"image\/jpeg"}],"twitter_misc":{"Tiempo de lectura":"2 minutos"},"schema":{"@context":"https:\/\/schema.org","@graph":[{"@type":"WebPage","@id":"https:\/\/www.zt-ron.at\/ueber-uns\/","url":"https:\/\/www.zt-ron.at\/ueber-uns\/","name":"Acerca de la empresa &#8212; RONACHER ZT GmbH","isPartOf":{"@id":"https:\/\/www.zt-ron.at\/#website"},"primaryImageOfPage":{"@id":"https:\/\/www.zt-ron.at\/ueber-uns\/#primaryimage"},"image":{"@id":"https:\/\/www.zt-ron.at\/ueber-uns\/#primaryimage"},"thumbnailUrl":"https:\/\/www.zt-ron.at\/wp-content\/uploads\/2023\/07\/steel-frame-structure-2022-12-15-19-55-42-utc-scaled.jpg","datePublished":"2014-05-20T08:36:16+00:00","dateModified":"2023-08-03T09:20:09+00:00","breadcrumb":{"@id":"https:\/\/www.zt-ron.at\/ueber-uns\/#breadcrumb"},"inLanguage":"es","potentialAction":[{"@type":"ReadAction","target":["https:\/\/www.zt-ron.at\/ueber-uns\/"]}]},{"@type":"ImageObject","inLanguage":"es","@id":"https:\/\/www.zt-ron.at\/ueber-uns\/#primaryimage","url":"https:\/\/www.zt-ron.at\/wp-content\/uploads\/2023\/07\/steel-frame-structure-2022-12-15-19-55-42-utc-scaled.jpg","contentUrl":"https:\/\/www.zt-ron.at\/wp-content\/uploads\/2023\/07\/steel-frame-structure-2022-12-15-19-55-42-utc-scaled.jpg","width":2560,"height":1709,"caption":"Steel frame structure in modern architecture"},{"@type":"BreadcrumbList","@id":"https:\/\/www.zt-ron.at\/ueber-uns\/#breadcrumb","itemListElement":[{"@type":"ListItem","position":1,"name":"Startseite","item":"https:\/\/www.zt-ron.at\/es\/"},{"@type":"ListItem","position":2,"name":"Acerca de la empresa"}]},{"@type":"WebSite","@id":"https:\/\/www.zt-ron.at\/#website","url":"https:\/\/www.zt-ron.at\/","name":"RONACHER ZT GmbH","description":"Kompetenz in Statik","publisher":{"@id":"https:\/\/www.zt-ron.at\/#organization"},"alternateName":"Konstruktives Ingenieurbauwesen","potentialAction":[{"@type":"SearchAction","target":{"@type":"EntryPoint","urlTemplate":"https:\/\/www.zt-ron.at\/?s={search_term_string}"},"query-input":{"@type":"PropertyValueSpecification","valueRequired":true,"valueName":"search_term_string"}}],"inLanguage":"es"},{"@type":"Organization","@id":"https:\/\/www.zt-ron.at\/#organization","name":"RONACHER ZT GmbH","url":"https:\/\/www.zt-ron.at\/","logo":{"@type":"ImageObject","inLanguage":"es","@id":"https:\/\/www.zt-ron.at\/#\/schema\/logo\/image\/","url":"","contentUrl":"","caption":"RONACHER ZT GmbH"},"image":{"@id":"https:\/\/www.zt-ron.at\/#\/schema\/logo\/image\/"}}]}},"_links":{"self":[{"href":"https:\/\/www.zt-ron.at\/es\/wp-json\/wp\/v2\/pages\/4777","targetHints":{"allow":["GET"]}}],"collection":[{"href":"https:\/\/www.zt-ron.at\/es\/wp-json\/wp\/v2\/pages"}],"about":[{"href":"https:\/\/www.zt-ron.at\/es\/wp-json\/wp\/v2\/types\/page"}],"author":[{"embeddable":true,"href":"https:\/\/www.zt-ron.at\/es\/wp-json\/wp\/v2\/users\/1"}],"replies":[{"embeddable":true,"href":"https:\/\/www.zt-ron.at\/es\/wp-json\/wp\/v2\/comments?post=4777"}],"version-history":[{"count":2,"href":"https:\/\/www.zt-ron.at\/es\/wp-json\/wp\/v2\/pages\/4777\/revisions"}],"predecessor-version":[{"id":6197,"href":"https:\/\/www.zt-ron.at\/es\/wp-json\/wp\/v2\/pages\/4777\/revisions\/6197"}],"wp:featuredmedia":[{"embeddable":true,"href":"https:\/\/www.zt-ron.at\/es\/wp-json\/wp\/v2\/media\/5916"}],"wp:attachment":[{"href":"https:\/\/www.zt-ron.at\/es\/wp-json\/wp\/v2\/media?parent=4777"}],"curies":[{"name":"wp","href":"https:\/\/api.w.org\/{rel}","templated":true}]}}