{"id":4708,"date":"2014-05-19T15:26:54","date_gmt":"2014-05-19T13:26:54","guid":{"rendered":"http:\/\/wp13.ewerkstatt.com\/?page_id=4708"},"modified":"2019-06-17T17:55:42","modified_gmt":"2019-06-17T15:55:42","slug":"bienvenido","status":"publish","type":"page","link":"https:\/\/www.zt-ron.at\/es\/bienvenido\/","title":{"rendered":"\u00a1Bienvenido!"},"content":{"rendered":"<p class=\"bodytext\">La p\u00e1gina Web de RONACHER ZT GmbH le ofrece informaci\u00f3n acerca de la empresa, competencias fundamentales, \u00e1mbitos de actividad as\u00ed como referencias seleccionadas. \u00a1Por favor, no dude en contactarnos en cualquier momento si tiene alg\u00fan inter\u00e9s o desea m\u00e1s informaci\u00f3n!<\/p>\n<h4>Competencia con tradici\u00f3n<\/h4>\n<p class=\"bodytext\">La empresa fue fundada en el a\u00f1o 1988 por DI Hubert Ronacher y sus \u00e1reas de especializaci\u00f3n son est\u00e1tica, c\u00e1lculo de estructuras, construcci\u00f3n y peritajes. Adem\u00e1s de nuestros numerosos a\u00f1os de experiencia, los clientes valoran sobre todo la elevada competencia en todos los tipos de materiales de construcci\u00f3n.<\/p>\n<h4>Resumen de competencias fundamentales<\/h4>\n<ul>\n<li>Competencia en est\u00e1tica<\/li>\n<li>Competencia en c\u00e1lculo de estructuras<\/li>\n<li>Competencia en construcci\u00f3n<\/li>\n<li>Competencia en peritajes<\/li>\n<\/ul>\n","protected":false},"excerpt":{"rendered":"<p>La p\u00e1gina Web de RONACHER ZT GmbH le ofrece informaci\u00f3n acerca de la empresa, competencias fundamentales, \u00e1mbitos de actividad as\u00ed como referencias seleccionadas. \u00a1Por favor, no dude en contactarnos en cualquier momento si tiene alg\u00fan inter\u00e9s o desea m\u00e1s informaci\u00f3n! Competencia con tradici\u00f3n La empresa fue fundada en el a\u00f1o 1988 por DI Hubert Ronacher [&hellip;]<\/p>\n","protected":false},"author":1,"featured_media":5228,"parent":0,"menu_order":0,"comment_status":"closed","ping_status":"closed","template":"","meta":{"iawp_total_views":9,"footnotes":""},"class_list":["post-4708","page","type-page","status-publish","has-post-thumbnail","hentry"],"blocksy_meta":[],"yoast_head":"<!-- This site is optimized with the Yoast SEO plugin v27.4 - https:\/\/yoast.com\/product\/yoast-seo-wordpress\/ -->\n<title>\u00a1Bienvenido! &#8212; RONACHER ZT GmbH<\/title>\n<meta name=\"description\" content=\"La empresa fue fundada en el a\u00f1o 1988 por DI Hubert Ronacher y sus \u00e1reas de especializaci\u00f3n son est\u00e1tica, c\u00e1lculo de estructuras, construcci\u00f3n y peritajes.\" \/>\n<meta name=\"robots\" content=\"index, follow, max-snippet:-1, max-image-preview:large, max-video-preview:-1\" \/>\n<link rel=\"canonical\" href=\"https:\/\/www.zt-ron.at\/es\/bienvenido\/\" \/>\n<meta property=\"og:locale\" content=\"es_ES\" \/>\n<meta property=\"og:type\" content=\"article\" \/>\n<meta property=\"og:title\" content=\"\u00a1Bienvenido! &#8212; RONACHER ZT GmbH\" \/>\n<meta property=\"og:description\" content=\"La empresa fue fundada en el a\u00f1o 1988 por DI Hubert Ronacher y sus \u00e1reas de especializaci\u00f3n son est\u00e1tica, c\u00e1lculo de estructuras, construcci\u00f3n y peritajes.\" \/>\n<meta property=\"og:url\" content=\"https:\/\/www.zt-ron.at\/es\/bienvenido\/\" \/>\n<meta property=\"og:site_name\" content=\"RONACHER ZT GmbH\" \/>\n<meta property=\"article:modified_time\" content=\"2019-06-17T15:55:42+00:00\" \/>\n<meta property=\"og:image\" content=\"https:\/\/www.zt-ron.at\/wp-content\/uploads\/2014\/05\/topcontentimage_013.jpg\" \/>\n\t<meta property=\"og:image:width\" content=\"650\" \/>\n\t<meta property=\"og:image:height\" content=\"166\" \/>\n\t<meta property=\"og:image:type\" content=\"image\/jpeg\" \/>\n<meta name=\"twitter:label1\" content=\"Tiempo de lectura\" \/>\n\t<meta name=\"twitter:data1\" content=\"1 minuto\" \/>\n<script type=\"application\/ld+json\" class=\"yoast-schema-graph\">{\"@context\":\"https:\\\/\\\/schema.org\",\"@graph\":[{\"@type\":\"WebPage\",\"@id\":\"https:\\\/\\\/www.zt-ron.at\\\/es\\\/bienvenido\\\/\",\"url\":\"https:\\\/\\\/www.zt-ron.at\\\/es\\\/bienvenido\\\/\",\"name\":\"\u00a1Bienvenido! &#8212; RONACHER ZT GmbH\",\"isPartOf\":{\"@id\":\"https:\\\/\\\/www.zt-ron.at\\\/#website\"},\"primaryImageOfPage\":{\"@id\":\"https:\\\/\\\/www.zt-ron.at\\\/es\\\/bienvenido\\\/#primaryimage\"},\"image\":{\"@id\":\"https:\\\/\\\/www.zt-ron.at\\\/es\\\/bienvenido\\\/#primaryimage\"},\"thumbnailUrl\":\"https:\\\/\\\/www.zt-ron.at\\\/wp-content\\\/uploads\\\/2014\\\/05\\\/topcontentimage_013.jpg\",\"datePublished\":\"2014-05-19T13:26:54+00:00\",\"dateModified\":\"2019-06-17T15:55:42+00:00\",\"description\":\"La empresa fue fundada en el a\u00f1o 1988 por DI Hubert Ronacher y sus \u00e1reas de especializaci\u00f3n son est\u00e1tica, c\u00e1lculo de estructuras, construcci\u00f3n y peritajes.\",\"breadcrumb\":{\"@id\":\"https:\\\/\\\/www.zt-ron.at\\\/es\\\/bienvenido\\\/#breadcrumb\"},\"inLanguage\":\"es\",\"potentialAction\":[{\"@type\":\"ReadAction\",\"target\":[\"https:\\\/\\\/www.zt-ron.at\\\/es\\\/bienvenido\\\/\"]}]},{\"@type\":\"ImageObject\",\"inLanguage\":\"es\",\"@id\":\"https:\\\/\\\/www.zt-ron.at\\\/es\\\/bienvenido\\\/#primaryimage\",\"url\":\"https:\\\/\\\/www.zt-ron.at\\\/wp-content\\\/uploads\\\/2014\\\/05\\\/topcontentimage_013.jpg\",\"contentUrl\":\"https:\\\/\\\/www.zt-ron.at\\\/wp-content\\\/uploads\\\/2014\\\/05\\\/topcontentimage_013.jpg\",\"width\":650,\"height\":166},{\"@type\":\"BreadcrumbList\",\"@id\":\"https:\\\/\\\/www.zt-ron.at\\\/es\\\/bienvenido\\\/#breadcrumb\",\"itemListElement\":[{\"@type\":\"ListItem\",\"position\":1,\"name\":\"Startseite\",\"item\":\"https:\\\/\\\/www.zt-ron.at\\\/es\\\/\"},{\"@type\":\"ListItem\",\"position\":2,\"name\":\"\u00a1Bienvenido!\"}]},{\"@type\":\"WebSite\",\"@id\":\"https:\\\/\\\/www.zt-ron.at\\\/#website\",\"url\":\"https:\\\/\\\/www.zt-ron.at\\\/\",\"name\":\"RONACHER ZT GmbH\",\"description\":\"Kompetenz in Statik\",\"publisher\":{\"@id\":\"https:\\\/\\\/www.zt-ron.at\\\/#organization\"},\"alternateName\":\"Konstruktives Ingenieurbauwesen\",\"potentialAction\":[{\"@type\":\"SearchAction\",\"target\":{\"@type\":\"EntryPoint\",\"urlTemplate\":\"https:\\\/\\\/www.zt-ron.at\\\/?s={search_term_string}\"},\"query-input\":{\"@type\":\"PropertyValueSpecification\",\"valueRequired\":true,\"valueName\":\"search_term_string\"}}],\"inLanguage\":\"es\"},{\"@type\":\"Organization\",\"@id\":\"https:\\\/\\\/www.zt-ron.at\\\/#organization\",\"name\":\"RONACHER ZT GmbH\",\"url\":\"https:\\\/\\\/www.zt-ron.at\\\/\",\"logo\":{\"@type\":\"ImageObject\",\"inLanguage\":\"es\",\"@id\":\"https:\\\/\\\/www.zt-ron.at\\\/#\\\/schema\\\/logo\\\/image\\\/\",\"url\":\"\",\"contentUrl\":\"\",\"caption\":\"RONACHER ZT GmbH\"},\"image\":{\"@id\":\"https:\\\/\\\/www.zt-ron.at\\\/#\\\/schema\\\/logo\\\/image\\\/\"}}]}<\/script>\n<!-- \/ Yoast SEO plugin. -->","yoast_head_json":{"title":"\u00a1Bienvenido! &#8212; RONACHER ZT GmbH","description":"La empresa fue fundada en el a\u00f1o 1988 por DI Hubert Ronacher y sus \u00e1reas de especializaci\u00f3n son est\u00e1tica, c\u00e1lculo de estructuras, construcci\u00f3n y peritajes.","robots":{"index":"index","follow":"follow","max-snippet":"max-snippet:-1","max-image-preview":"max-image-preview:large","max-video-preview":"max-video-preview:-1"},"canonical":"https:\/\/www.zt-ron.at\/es\/bienvenido\/","og_locale":"es_ES","og_type":"article","og_title":"\u00a1Bienvenido! &#8212; RONACHER ZT GmbH","og_description":"La empresa fue fundada en el a\u00f1o 1988 por DI Hubert Ronacher y sus \u00e1reas de especializaci\u00f3n son est\u00e1tica, c\u00e1lculo de estructuras, construcci\u00f3n y peritajes.","og_url":"https:\/\/www.zt-ron.at\/es\/bienvenido\/","og_site_name":"RONACHER ZT GmbH","article_modified_time":"2019-06-17T15:55:42+00:00","og_image":[{"width":650,"height":166,"url":"https:\/\/www.zt-ron.at\/wp-content\/uploads\/2014\/05\/topcontentimage_013.jpg","type":"image\/jpeg"}],"twitter_misc":{"Tiempo de lectura":"1 minuto"},"schema":{"@context":"https:\/\/schema.org","@graph":[{"@type":"WebPage","@id":"https:\/\/www.zt-ron.at\/es\/bienvenido\/","url":"https:\/\/www.zt-ron.at\/es\/bienvenido\/","name":"\u00a1Bienvenido! &#8212; RONACHER ZT GmbH","isPartOf":{"@id":"https:\/\/www.zt-ron.at\/#website"},"primaryImageOfPage":{"@id":"https:\/\/www.zt-ron.at\/es\/bienvenido\/#primaryimage"},"image":{"@id":"https:\/\/www.zt-ron.at\/es\/bienvenido\/#primaryimage"},"thumbnailUrl":"https:\/\/www.zt-ron.at\/wp-content\/uploads\/2014\/05\/topcontentimage_013.jpg","datePublished":"2014-05-19T13:26:54+00:00","dateModified":"2019-06-17T15:55:42+00:00","description":"La empresa fue fundada en el a\u00f1o 1988 por DI Hubert Ronacher y sus \u00e1reas de especializaci\u00f3n son est\u00e1tica, c\u00e1lculo de estructuras, construcci\u00f3n y peritajes.","breadcrumb":{"@id":"https:\/\/www.zt-ron.at\/es\/bienvenido\/#breadcrumb"},"inLanguage":"es","potentialAction":[{"@type":"ReadAction","target":["https:\/\/www.zt-ron.at\/es\/bienvenido\/"]}]},{"@type":"ImageObject","inLanguage":"es","@id":"https:\/\/www.zt-ron.at\/es\/bienvenido\/#primaryimage","url":"https:\/\/www.zt-ron.at\/wp-content\/uploads\/2014\/05\/topcontentimage_013.jpg","contentUrl":"https:\/\/www.zt-ron.at\/wp-content\/uploads\/2014\/05\/topcontentimage_013.jpg","width":650,"height":166},{"@type":"BreadcrumbList","@id":"https:\/\/www.zt-ron.at\/es\/bienvenido\/#breadcrumb","itemListElement":[{"@type":"ListItem","position":1,"name":"Startseite","item":"https:\/\/www.zt-ron.at\/es\/"},{"@type":"ListItem","position":2,"name":"\u00a1Bienvenido!"}]},{"@type":"WebSite","@id":"https:\/\/www.zt-ron.at\/#website","url":"https:\/\/www.zt-ron.at\/","name":"RONACHER ZT GmbH","description":"Kompetenz in Statik","publisher":{"@id":"https:\/\/www.zt-ron.at\/#organization"},"alternateName":"Konstruktives Ingenieurbauwesen","potentialAction":[{"@type":"SearchAction","target":{"@type":"EntryPoint","urlTemplate":"https:\/\/www.zt-ron.at\/?s={search_term_string}"},"query-input":{"@type":"PropertyValueSpecification","valueRequired":true,"valueName":"search_term_string"}}],"inLanguage":"es"},{"@type":"Organization","@id":"https:\/\/www.zt-ron.at\/#organization","name":"RONACHER ZT GmbH","url":"https:\/\/www.zt-ron.at\/","logo":{"@type":"ImageObject","inLanguage":"es","@id":"https:\/\/www.zt-ron.at\/#\/schema\/logo\/image\/","url":"","contentUrl":"","caption":"RONACHER ZT GmbH"},"image":{"@id":"https:\/\/www.zt-ron.at\/#\/schema\/logo\/image\/"}}]}},"_links":{"self":[{"href":"https:\/\/www.zt-ron.at\/es\/wp-json\/wp\/v2\/pages\/4708","targetHints":{"allow":["GET"]}}],"collection":[{"href":"https:\/\/www.zt-ron.at\/es\/wp-json\/wp\/v2\/pages"}],"about":[{"href":"https:\/\/www.zt-ron.at\/es\/wp-json\/wp\/v2\/types\/page"}],"author":[{"embeddable":true,"href":"https:\/\/www.zt-ron.at\/es\/wp-json\/wp\/v2\/users\/1"}],"replies":[{"embeddable":true,"href":"https:\/\/www.zt-ron.at\/es\/wp-json\/wp\/v2\/comments?post=4708"}],"version-history":[{"count":0,"href":"https:\/\/www.zt-ron.at\/es\/wp-json\/wp\/v2\/pages\/4708\/revisions"}],"wp:featuredmedia":[{"embeddable":true,"href":"https:\/\/www.zt-ron.at\/es\/wp-json\/wp\/v2\/media\/5228"}],"wp:attachment":[{"href":"https:\/\/www.zt-ron.at\/es\/wp-json\/wp\/v2\/media?parent=4708"}],"curies":[{"name":"wp","href":"https:\/\/api.w.org\/{rel}","templated":true}]}}